{"id":798,"date":"2022-09-01T12:57:52","date_gmt":"2022-09-01T10:57:52","guid":{"rendered":"https:\/\/qr.net\/info\/?page_id=798"},"modified":"2022-10-24T11:18:51","modified_gmt":"2022-10-24T09:18:51","slug":"de","status":"publish","type":"page","link":"https:\/\/qr.net\/info\/de\/","title":{"rendered":"DE"},"content":{"rendered":"\t\t<div data-elementor-type=\"wp-page\" data-elementor-id=\"798\" class=\"elementor elementor-798\">\n\t\t\t\t\t\t<section class=\"elementor-section elementor-top-section elementor-element elementor-element-f7beea0 elementor-section-boxed elementor-section-height-default elementor-section-height-default wpr-particle-no wpr-jarallax-no wpr-parallax-no wpr-sticky-section-no wpr-equal-height-no\" data-id=\"f7beea0\" data-element_type=\"section\" data-e-type=\"section\" data-settings=\"{&quot;background_background&quot;:&quot;classic&quot;}\">\n\t\t\t\t\t\t<div class=\"elementor-container elementor-column-gap-default\">\n\t\t\t\t\t<div class=\"elementor-column elementor-col-100 elementor-top-column elementor-element elementor-element-334c745\" data-id=\"334c745\" data-element_type=\"column\" data-e-type=\"column\">\n\t\t\t<div class=\"elementor-widget-wrap elementor-element-populated\">\n\t\t\t\t\t\t<div class=\"elementor-element elementor-element-773f594 elementor-widget elementor-widget-heading\" data-id=\"773f594\" data-element_type=\"widget\" data-e-type=\"widget\" data-widget_type=\"heading.default\">\n\t\t\t\t<div class=\"elementor-widget-container\">\n\t\t\t\t\t<h2 class=\"elementor-heading-title elementor-size-default\">Q&amp;A - QR-Code und QR-Code-Generator<\/h2>\t\t\t\t<\/div>\n\t\t\t\t<\/div>\n\t\t\t\t<div class=\"elementor-element elementor-element-d071d4d elementor-widget elementor-widget-text-editor\" data-id=\"d071d4d\" data-element_type=\"widget\" data-e-type=\"widget\" data-widget_type=\"text-editor.default\">\n\t\t\t\t<div class=\"elementor-widget-container\">\n\t\t\t\t\t\t\t\t\t<p>Das QR-Code Q&amp;A &#8211; alles rund um QR-Codes, ihre Funktionen, Anwendungsm\u00f6glichkeiten, Kosten und Probleme!<\/p>\t\t\t\t\t\t\t\t<\/div>\n\t\t\t\t<\/div>\n\t\t\t\t<div class=\"elementor-element elementor-element-05fcbd2 wpr-list-style-none elementor-widget elementor-widget-wpr-posts-timeline\" data-id=\"05fcbd2\" data-element_type=\"widget\" data-e-type=\"widget\" data-settings=\"{&quot;animation_offset&quot;:150,&quot;aos_animation_duration&quot;:600,&quot;excerpt_count&quot;:10}\" data-widget_type=\"wpr-posts-timeline.default\">\n\t\t\t\t<div class=\"elementor-widget-container\">\n\t\t\t\t\t<div class=\"wpr-wrapper wpr-vertical wpr-one-sided-wrapper\"><div class=\"wpr-timeline-centered wpr-line wpr-one-sided-timeline\"  data-pagination=\"\" data-max-pages=\"8\" data-arrow-bgcolor=\"#FFFFFF\"><div class=\"wpr-middle-line\"><\/div><article class=\"wpr-timeline-entry wpr-right-aligned\" data-counter=\"0\"><div class=\"wpr-timeline-entry-inner\"><div class=\"wpr-main-line-icon wpr-icon\"><\/div><div class=\"wpr-story-info-vertical wpr-data-wrap animated \" data-aos=\"fade\" data-aos-left=\"\" data-aos-right=\"\" data-animation-offset=\"150\" data-animation-duration=\"600\"><div class=\"wpr-timeline-content-wrapper\"><div class=\"wpr-title-wrap\"><a href=\"https:\/\/qr.net\/info\/gegenstaende-mit-qr-codes-versehen\/\"><span class=\"wpr-title\">Gegenst\u00e4nde mit QR-Codes versehen<\/span><\/a><\/div><div class=\"wpr-description\">QR-Code f\u00fcr Gegenst\u00e4nde In einer zunehmend digitalisierten Welt&nbsp;suchen Menschen st\u00e4ndig&hellip;<\/div><div class=\"wpr-read-more-wrap\"><a class=\"wpr-read-more-button\" href=\"https:\/\/qr.net\/info\/gegenstaende-mit-qr-codes-versehen\/\">Weiterlesen<\/a><\/div><\/div><\/div><\/div><\/article><article class=\"wpr-timeline-entry wpr-right-aligned\" data-counter=\"1\"><div class=\"wpr-timeline-entry-inner\"><div class=\"wpr-main-line-icon wpr-icon\"><\/div><div class=\"wpr-story-info-vertical wpr-data-wrap animated \" data-aos=\"fade\" data-aos-left=\"\" data-aos-right=\"\" data-animation-offset=\"150\" data-animation-duration=\"600\"><div class=\"wpr-timeline-content-wrapper\"><div class=\"wpr-title-wrap\"><a href=\"https:\/\/qr.net\/info\/qr-codes-fuer-osterkampagnen\/\"><span class=\"wpr-title\">QR-Codes f\u00fcr Osterkampagnen<\/span><\/a><\/div><div class=\"wpr-description\">QR-Codes f\u00fcr das Oster-Marketing Das QR-Codes f\u00fcr Unternehmen heutzutage quasi&hellip;<\/div><div class=\"wpr-read-more-wrap\"><a class=\"wpr-read-more-button\" href=\"https:\/\/qr.net\/info\/qr-codes-fuer-osterkampagnen\/\">Weiterlesen<\/a><\/div><\/div><\/div><\/div><\/article><article class=\"wpr-timeline-entry wpr-right-aligned\" data-counter=\"2\"><div class=\"wpr-timeline-entry-inner\"><div class=\"wpr-main-line-icon wpr-icon\"><\/div><div class=\"wpr-story-info-vertical wpr-data-wrap animated \" data-aos=\"fade\" data-aos-left=\"\" data-aos-right=\"\" data-animation-offset=\"150\" data-animation-duration=\"600\"><div class=\"wpr-timeline-content-wrapper\"><div class=\"wpr-title-wrap\"><a href=\"https:\/\/qr.net\/info\/qr-code-fuers-auto-anwendungsbeispiel\/\"><span class=\"wpr-title\">QR-Code f\u00fcrs Auto &#8211; Anwendungsbeispiel<\/span><\/a><\/div><div class=\"wpr-description\">QR-Code f\u00fcrs Auto \u2013 Anwendungsbeispiel Neben den klassischen Nutzen von&hellip;<\/div><div class=\"wpr-read-more-wrap\"><a class=\"wpr-read-more-button\" href=\"https:\/\/qr.net\/info\/qr-code-fuers-auto-anwendungsbeispiel\/\">Weiterlesen<\/a><\/div><\/div><\/div><\/div><\/article><article class=\"wpr-timeline-entry wpr-right-aligned\" data-counter=\"3\"><div class=\"wpr-timeline-entry-inner\"><div class=\"wpr-main-line-icon wpr-icon\"><\/div><div class=\"wpr-story-info-vertical wpr-data-wrap animated \" data-aos=\"fade\" data-aos-left=\"\" data-aos-right=\"\" data-animation-offset=\"150\" data-animation-duration=\"600\"><div class=\"wpr-timeline-content-wrapper\"><div class=\"wpr-title-wrap\"><a href=\"https:\/\/qr.net\/info\/worauf-kann-ein-qr-code-abgedruckt-werden\/\"><span class=\"wpr-title\">Worauf kann ein QR-Code abgedruckt werden?<\/span><\/a><\/div><div class=\"wpr-description\">QR-Code abdrucken - worauf kann er genutzt werden? Einen\u00a0QR-Code\u00a0(Quick Response&hellip;<\/div><div class=\"wpr-read-more-wrap\"><a class=\"wpr-read-more-button\" href=\"https:\/\/qr.net\/info\/worauf-kann-ein-qr-code-abgedruckt-werden\/\">Weiterlesen<\/a><\/div><\/div><\/div><\/div><\/article><\/div><\/div>\t\t\t\t<\/div>\n\t\t\t\t<\/div>\n\t\t\t\t<div class=\"elementor-element elementor-element-c936a33 elementor-widget elementor-widget-text-editor\" data-id=\"c936a33\" data-element_type=\"widget\" data-e-type=\"widget\" data-widget_type=\"text-editor.default\">\n\t\t\t\t<div class=\"elementor-widget-container\">\n\t\t\t\t\t\t\t\t\t<p>Noch weitere Fragen? Vervollst\u00e4ndige unser QR-Code Q&amp;A und sende <a href=\"http:\/\/www.qr.de\/contact\">uns<\/a> deine Fragen an:&nbsp;<a href=\"mailto:support@qr.de\" target=\"_blank\" style=\"font-family: var( --e-global-typography-text-font-family ), Sans-serif; font-weight: var( --e-global-typography-text-font-weight ); font-size: 1rem;\">support@qr.de!<\/a><\/p>\t\t\t\t\t\t\t\t<\/div>\n\t\t\t\t<\/div>\n\t\t\t\t<section class=\"elementor-section elementor-inner-section elementor-element elementor-element-94367b5 elementor-section-boxed elementor-section-height-default elementor-section-height-default wpr-particle-no wpr-jarallax-no wpr-parallax-no wpr-sticky-section-no wpr-equal-height-no\" data-id=\"94367b5\" data-element_type=\"section\" data-e-type=\"section\">\n\t\t\t\t\t\t<div class=\"elementor-container elementor-column-gap-default\">\n\t\t\t\t\t<div class=\"elementor-column elementor-col-100 elementor-inner-column elementor-element elementor-element-1f66c3e\" data-id=\"1f66c3e\" data-element_type=\"column\" data-e-type=\"column\">\n\t\t\t<div class=\"elementor-widget-wrap elementor-element-populated\">\n\t\t\t\t\t\t<div class=\"elementor-element elementor-element-7ebb572 elementor-widget elementor-widget-image\" data-id=\"7ebb572\" data-element_type=\"widget\" data-e-type=\"widget\" data-widget_type=\"image.default\">\n\t\t\t\t<div class=\"elementor-widget-container\">\n\t\t\t\t\t\t\t\t\t\t\t\t\t\t\t\t<a href=\"http:\/\/www.qr.de\/\">\n\t\t\t\t\t\t\t<img decoding=\"async\" width=\"150\" height=\"150\" src=\"https:\/\/qr.net\/info\/wp-content\/uploads\/2022\/09\/QR-Code-Generator-Transparent-150x150.png\" class=\"attachment-thumbnail size-thumbnail wp-image-1676\" alt=\"QR-Codes Q&amp;A\" srcset=\"https:\/\/qr.net\/info\/wp-content\/uploads\/2022\/09\/QR-Code-Generator-Transparent-150x150.png 150w, https:\/\/qr.net\/info\/wp-content\/uploads\/2022\/09\/QR-Code-Generator-Transparent-300x300.png 300w, https:\/\/qr.net\/info\/wp-content\/uploads\/2022\/09\/QR-Code-Generator-Transparent.png 500w\" sizes=\"(max-width: 150px) 100vw, 150px\" \/>\t\t\t\t\t\t\t\t<\/a>\n\t\t\t\t\t\t\t\t\t\t\t\t\t\t\t<\/div>\n\t\t\t\t<\/div>\n\t\t\t\t\t<\/div>\n\t\t<\/div>\n\t\t\t\t\t<\/div>\n\t\t<\/section>\n\t\t\t\t\t<\/div>\n\t\t<\/div>\n\t\t\t\t\t<\/div>\n\t\t<\/section>\n\t\t\t\t<\/div>\n\t\t","protected":false},"excerpt":{"rendered":"<p>Q&amp;A &#8211; QR-Code und QR-Code-Generator Das QR-Code Q&amp;A &#8211; alles rund um QR-Codes, ihre Funktionen, Anwendungsm\u00f6glichkeiten, Kosten und Probleme! Aufbau vom QR-Code Aufbau vom QR-Code Wie ist ein QR-Code aufgebaut? Welche Bestandteile&hellip;Weiterlesen QR-Code zum Sammeln von Feedback und Rezensionen QR-Code zum Sammeln von Feedback und Rezensionen Feedback und Rezensionen&hellip;Weiterlesen QR-Code zur Bereitstellung von Dateien QR-Code zur Bereitstellung einer Datei Seinen Kunden Dokumente bereitzustellen ist&hellip;Weiterlesen QR-Code als T\u00fcrklingel QR-Code als T\u00fcrklingel Wer kennt nicht das Problem: es klingelt&hellip;Weiterlesen QR-Code f\u00fcr Visitenkarten QR-Code f\u00fcr Visitenkarten Eine sehr verbreitete Anwendung von QR-Codes ist&hellip;Weiterlesen QR-Code f\u00fcr deine Website QR-Code f\u00fcr Links Eine sehr beliebte Art einen QR-Code zu&hellip;Weiterlesen Welche Risiken bergen QR-Codes? Welche Risiken bergen QR-Codes? Gef\u00e4hrlich sind&nbsp;QR-Codes&nbsp;grunds\u00e4tzlich erst einmal nicht. Doch&hellip;Weiterlesen In welchen Formaten k\u00f6nnen QR-Codes gespeichert werden? In welchen Formaten k\u00f6nnen QR-Codes gespeichert werden? QR-Codes werden h\u00e4ufig&hellip;Weiterlesen Was ist beim Druck von QR-Codes zu beachten? Was ist beim Druck von QR-Codes zu beachten? Viele Unternehmen&hellip;Weiterlesen Ist ein QR-Code kostenlos? Ist ein QR-Code kostenlos? Bei der erstmaligen Erstellung wird meist&hellip;Weiterlesen Warum funktioniert der QR-Code nicht? Warum funktioniert der QR-Code nicht? Warum funktioniert mein QR-Code nicht?&hellip;Weiterlesen Wie kann ich das Ziel von meinem QR-Code ver\u00e4ndern? Wie kann ich das Ziel von meinem QR-Code ver\u00e4ndern? Ist&hellip;Weiterlesen Was ist ein dynamischer QR-Code? Was ist ein dynamischer QR-Code? W\u00e4hrend der Laie nur von&hellip;Weiterlesen G\u00fcltigkeit des QR-Codes &#8211; kann er ablaufen? G\u00fcltigkeit des QR-Codes &#8211; kann er ablaufen? Bei der Erstellung&hellip;Weiterlesen Was kann ich in meinem QR-Code hinterlegen? Welche M\u00f6glichkeiten habe ich mit meinem QR-Code? Aktuell gibt es&hellip;Weiterlesen Wie kann ich einen QR-Code scannen? Wie kann ich einen QR-Code scannen? Besonders in den letzten&hellip;Weiterlesen Was ist ein QR-Code-Generator? Was ist ein QR-Code-Generator? Ein QR-Code-Generator ist eine Website im&hellip;Weiterlesen Wer hat den QR-Code erfunden? QR-Code Erfinder &#8211; wer ist das? QR-Codes (oder auch &quot;quick&hellip;Weiterlesen Was ist ein QR-Code? QR-Code &#8211; was ist das? Ein QR-Code, Langform \u201eQuick Response&hellip;Weiterlesen Noch weitere Fragen? Vervollst\u00e4ndige unser QR-Code Q&amp;A und sende uns deine Fragen an:&nbsp;support@qr.de!<\/p>\n","protected":false},"author":1,"featured_media":0,"parent":0,"menu_order":0,"comment_status":"closed","ping_status":"closed","template":"elementor_header_footer","meta":{"footnotes":""},"class_list":["post-798","page","type-page","status-publish","hentry"],"yoast_head":"<!-- This site is optimized with the Yoast SEO plugin v27.5 - https:\/\/yoast.com\/product\/yoast-seo-wordpress\/ -->\n<title>QR-Code Q&amp;A<\/title>\n<meta name=\"description\" content=\"Das QR-Code Q&amp;A. Fragen und Antworten rund um das Thema QR-Code und QR-Code-Generator. Erfahre alles \u00fcber dynamische QR-Codes &amp; Co.!\" \/>\n<meta name=\"robots\" content=\"index, follow, max-snippet:-1, max-image-preview:large, max-video-preview:-1\" \/>\n<link rel=\"canonical\" href=\"https:\/\/qr.net\/info\/de\/\" \/>\n<meta property=\"og:locale\" content=\"de_DE\" \/>\n<meta property=\"og:type\" content=\"article\" \/>\n<meta property=\"og:title\" content=\"Dynamischer QR-Code-Generator\" \/>\n<meta property=\"og:description\" content=\"Fragen und Antworten rund um das Thema QR-Code und QR-Code-Generator. Erfahre alles \u00fcber dynamische QR-Codes und Co.!\" \/>\n<meta property=\"og:url\" content=\"https:\/\/qr.net\/info\/de\/\" \/>\n<meta property=\"og:site_name\" content=\"Q&amp;A\" \/>\n<meta property=\"article:publisher\" content=\"https:\/\/www.facebook.com\/qrgmbh\/\" \/>\n<meta property=\"article:modified_time\" content=\"2022-10-24T09:18:51+00:00\" \/>\n<meta property=\"og:image\" content=\"https:\/\/qr.net\/info\/wp-content\/uploads\/2022\/09\/QR-Code-Generator.png\" \/>\n\t<meta property=\"og:image:width\" content=\"800\" \/>\n\t<meta property=\"og:image:height\" content=\"800\" \/>\n\t<meta property=\"og:image:type\" content=\"image\/png\" \/>\n<meta name=\"twitter:card\" content=\"summary_large_image\" \/>\n<meta name=\"twitter:title\" content=\"Dynamischer QR-Code-Generator\" \/>\n<meta name=\"twitter:description\" content=\"Fragen und Antworten rund um das Thema QR-Code und QR-Code-Generator. Erfahre alles \u00fcber dynamische QR-Codes &amp; Co.!\" \/>\n<meta name=\"twitter:image\" content=\"https:\/\/qr.net\/info\/wp-content\/uploads\/2022\/09\/cropped-QR-Code-Generator.png\" \/>\n<meta name=\"twitter:label1\" content=\"Gesch\u00e4tzte Lesezeit\" \/>\n\t<meta name=\"twitter:data1\" content=\"3\u00a0Minuten\" \/>\n<script type=\"application\/ld+json\" class=\"yoast-schema-graph\">{\"@context\":\"https:\\\/\\\/schema.org\",\"@graph\":[{\"@type\":[\"WebPage\",\"FAQPage\"],\"@id\":\"https:\\\/\\\/qr.net\\\/info\\\/de\\\/\",\"url\":\"https:\\\/\\\/qr.net\\\/info\\\/de\\\/\",\"name\":\"QR-Code Q&A\",\"isPartOf\":{\"@id\":\"https:\\\/\\\/qr.net\\\/info\\\/#website\"},\"primaryImageOfPage\":{\"@id\":\"https:\\\/\\\/qr.net\\\/info\\\/de\\\/#primaryimage\"},\"image\":{\"@id\":\"https:\\\/\\\/qr.net\\\/info\\\/de\\\/#primaryimage\"},\"thumbnailUrl\":\"https:\\\/\\\/qr.net\\\/info\\\/wp-content\\\/uploads\\\/2022\\\/09\\\/QR-Code-Generator-Transparent-150x150.png\",\"datePublished\":\"2022-09-01T10:57:52+00:00\",\"dateModified\":\"2022-10-24T09:18:51+00:00\",\"description\":\"Das QR-Code Q&A. Fragen und Antworten rund um das Thema QR-Code und QR-Code-Generator. Erfahre alles \u00fcber dynamische QR-Codes & Co.!\",\"breadcrumb\":{\"@id\":\"https:\\\/\\\/qr.net\\\/info\\\/de\\\/#breadcrumb\"},\"inLanguage\":\"de\",\"potentialAction\":[{\"@type\":\"ReadAction\",\"target\":[\"https:\\\/\\\/qr.net\\\/info\\\/de\\\/\"]}]},{\"@type\":\"ImageObject\",\"inLanguage\":\"de\",\"@id\":\"https:\\\/\\\/qr.net\\\/info\\\/de\\\/#primaryimage\",\"url\":\"https:\\\/\\\/qr.net\\\/info\\\/wp-content\\\/uploads\\\/2022\\\/09\\\/QR-Code-Generator-Transparent.png\",\"contentUrl\":\"https:\\\/\\\/qr.net\\\/info\\\/wp-content\\\/uploads\\\/2022\\\/09\\\/QR-Code-Generator-Transparent.png\",\"width\":500,\"height\":500,\"caption\":\"QR-Codes Q&A\"},{\"@type\":\"BreadcrumbList\",\"@id\":\"https:\\\/\\\/qr.net\\\/info\\\/de\\\/#breadcrumb\",\"itemListElement\":[{\"@type\":\"ListItem\",\"position\":1,\"name\":\"Startseite\",\"item\":\"https:\\\/\\\/qr.net\\\/info\\\/\"},{\"@type\":\"ListItem\",\"position\":2,\"name\":\"DE\"}]},{\"@type\":\"WebSite\",\"@id\":\"https:\\\/\\\/qr.net\\\/info\\\/#website\",\"url\":\"https:\\\/\\\/qr.net\\\/info\\\/\",\"name\":\"Q&amp;A\",\"description\":\"Fragen und Antworten rund um das Thema QR-Codes\",\"potentialAction\":[{\"@type\":\"SearchAction\",\"target\":{\"@type\":\"EntryPoint\",\"urlTemplate\":\"https:\\\/\\\/qr.net\\\/info\\\/?s={search_term_string}\"},\"query-input\":{\"@type\":\"PropertyValueSpecification\",\"valueRequired\":true,\"valueName\":\"search_term_string\"}}],\"inLanguage\":\"de\"}]}<\/script>\n<!-- \/ Yoast SEO plugin. -->","yoast_head_json":{"title":"QR-Code Q&A","description":"Das QR-Code Q&A. Fragen und Antworten rund um das Thema QR-Code und QR-Code-Generator. Erfahre alles \u00fcber dynamische QR-Codes & Co.!","robots":{"index":"index","follow":"follow","max-snippet":"max-snippet:-1","max-image-preview":"max-image-preview:large","max-video-preview":"max-video-preview:-1"},"canonical":"https:\/\/qr.net\/info\/de\/","og_locale":"de_DE","og_type":"article","og_title":"Dynamischer QR-Code-Generator","og_description":"Fragen und Antworten rund um das Thema QR-Code und QR-Code-Generator. Erfahre alles \u00fcber dynamische QR-Codes und Co.!","og_url":"https:\/\/qr.net\/info\/de\/","og_site_name":"Q&amp;A","article_publisher":"https:\/\/www.facebook.com\/qrgmbh\/","article_modified_time":"2022-10-24T09:18:51+00:00","og_image":[{"width":800,"height":800,"url":"https:\/\/qr.net\/info\/wp-content\/uploads\/2022\/09\/QR-Code-Generator.png","type":"image\/png"}],"twitter_card":"summary_large_image","twitter_title":"Dynamischer QR-Code-Generator","twitter_description":"Fragen und Antworten rund um das Thema QR-Code und QR-Code-Generator. Erfahre alles \u00fcber dynamische QR-Codes & Co.!","twitter_image":"https:\/\/qr.net\/info\/wp-content\/uploads\/2022\/09\/cropped-QR-Code-Generator.png","twitter_misc":{"Gesch\u00e4tzte Lesezeit":"3\u00a0Minuten"},"schema":{"@context":"https:\/\/schema.org","@graph":[{"@type":["WebPage","FAQPage"],"@id":"https:\/\/qr.net\/info\/de\/","url":"https:\/\/qr.net\/info\/de\/","name":"QR-Code Q&A","isPartOf":{"@id":"https:\/\/qr.net\/info\/#website"},"primaryImageOfPage":{"@id":"https:\/\/qr.net\/info\/de\/#primaryimage"},"image":{"@id":"https:\/\/qr.net\/info\/de\/#primaryimage"},"thumbnailUrl":"https:\/\/qr.net\/info\/wp-content\/uploads\/2022\/09\/QR-Code-Generator-Transparent-150x150.png","datePublished":"2022-09-01T10:57:52+00:00","dateModified":"2022-10-24T09:18:51+00:00","description":"Das QR-Code Q&A. Fragen und Antworten rund um das Thema QR-Code und QR-Code-Generator. Erfahre alles \u00fcber dynamische QR-Codes & Co.!","breadcrumb":{"@id":"https:\/\/qr.net\/info\/de\/#breadcrumb"},"inLanguage":"de","potentialAction":[{"@type":"ReadAction","target":["https:\/\/qr.net\/info\/de\/"]}]},{"@type":"ImageObject","inLanguage":"de","@id":"https:\/\/qr.net\/info\/de\/#primaryimage","url":"https:\/\/qr.net\/info\/wp-content\/uploads\/2022\/09\/QR-Code-Generator-Transparent.png","contentUrl":"https:\/\/qr.net\/info\/wp-content\/uploads\/2022\/09\/QR-Code-Generator-Transparent.png","width":500,"height":500,"caption":"QR-Codes Q&A"},{"@type":"BreadcrumbList","@id":"https:\/\/qr.net\/info\/de\/#breadcrumb","itemListElement":[{"@type":"ListItem","position":1,"name":"Startseite","item":"https:\/\/qr.net\/info\/"},{"@type":"ListItem","position":2,"name":"DE"}]},{"@type":"WebSite","@id":"https:\/\/qr.net\/info\/#website","url":"https:\/\/qr.net\/info\/","name":"Q&amp;A","description":"Fragen und Antworten rund um das Thema QR-Codes","potentialAction":[{"@type":"SearchAction","target":{"@type":"EntryPoint","urlTemplate":"https:\/\/qr.net\/info\/?s={search_term_string}"},"query-input":{"@type":"PropertyValueSpecification","valueRequired":true,"valueName":"search_term_string"}}],"inLanguage":"de"}]}},"_links":{"self":[{"href":"https:\/\/qr.net\/info\/wp-json\/wp\/v2\/pages\/798","targetHints":{"allow":["GET"]}}],"collection":[{"href":"https:\/\/qr.net\/info\/wp-json\/wp\/v2\/pages"}],"about":[{"href":"https:\/\/qr.net\/info\/wp-json\/wp\/v2\/types\/page"}],"author":[{"embeddable":true,"href":"https:\/\/qr.net\/info\/wp-json\/wp\/v2\/users\/1"}],"replies":[{"embeddable":true,"href":"https:\/\/qr.net\/info\/wp-json\/wp\/v2\/comments?post=798"}],"version-history":[{"count":0,"href":"https:\/\/qr.net\/info\/wp-json\/wp\/v2\/pages\/798\/revisions"}],"wp:attachment":[{"href":"https:\/\/qr.net\/info\/wp-json\/wp\/v2\/media?parent=798"}],"curies":[{"name":"wp","href":"https:\/\/api.w.org\/{rel}","templated":true}]}}